{"id":81299,"date":"2025-05-24T07:45:49","date_gmt":"2025-05-24T07:45:50","guid":{"rendered":"https:\/\/aral.cetrexmarketing.com\/producto\/wyborowa-exquisite-2\/"},"modified":"2025-05-24T07:45:51","modified_gmt":"2025-05-24T07:45:51","slug":"wyborowa-exquisite-2","status":"publish","type":"product","link":"https:\/\/aral.cetrexmarketing.com\/ca\/producto\/wyborowa-exquisite-2\/","title":{"rendered":"Wyborowa Exquisite"},"content":{"rendered":"<p>Wyborowa Exquisite \u00e9s un vodka premium polon\u00e8s conegut per la seva suavitat i eleg\u00e0ncia. Elaborat a partir de grans de gran qualitat i destil\u00b7lat en alambins de coure, aquest vodka destaca per la seva puresa i el seu sabor refinat. La seva textura esvelta i el seu perfil de sabor net fan de Wyborowa Exquisite una excel\u00b7lent elecci\u00f3 per gaudir-lo sol, amb gel, o en c\u00f2ctels sofisticats. Ideal per aquells que busquen una experi\u00e8ncia de vodka de primera classe.<\/p>\n","protected":false},"excerpt":{"rendered":"<p><span id=\"docs-internal-guid-f8e982fa-7fff-5730-b39e-c8812fc1dda3\">El Wyborowa Exquisite, com diu el seu nom \u00e9s un exquisit vodka polon\u00e8s est\u00e0 fet a base de s\u00e8gol daurat de Turew, al sud de Pol\u00f2nia.<\/span><\/p>\n<p>\u00c9s un dels vodkes m\u00e9s exclusius del mercat, no nom\u00e9s per la seva eleg\u00e0ncia, amb notes lleugeres de s\u00e8gol especiat, adornat amb tocs de nous i galetes, sin\u00f3 perqu\u00e8 tamb\u00e9 l&#8217;ampolla est\u00e0 feta absolutament artesanalment.<\/p>\n","protected":false},"featured_media":81297,"comment_status":"closed","ping_status":"closed","template":"","meta":{"_acf_changed":false},"pwb-brand":[],"product_brand":[],"product_cat":[33040,33228],"product_tag":[],"class_list":{"0":"post-81299","1":"product","2":"type-product","3":"status-publish","4":"has-post-thumbnail","6":"product_cat-destil-lats-ca","7":"product_cat-vodka-ca","8":"pa_bodega-wyprodukowana-ca","9":"pa_formatoenl-070-ca","10":"pa_formatoenml-700-ca","11":"pa_graduacion-40_0-ca","12":"pa_pais-polonia-ca-2","13":"pa_pesoengramos-1250-ca","14":"pa_pesoenkg-125-ca","15":"entry","16":"has-media","18":"first","19":"instock","20":"taxable","21":"shipping-taxable","22":"purchasable","23":"product-type-simple"},"acf":[],"yoast_head":"<!-- This site is optimized with the Yoast SEO Premium plugin v23.1 (Yoast SEO v23.5) - https:\/\/yoast.com\/wordpress\/plugins\/seo\/ -->\n<title>Wyborowa Exquisite Vodka<\/title>\n<meta name=\"description\" content=\"Comprar online al millor preu el vodka premium Wyborowa Exquisite. Descomptes per caixa. Ofertes especials. Web r\u00e0pida i segura. Viniteca. Licoreria Destil\u00b7lats\" \/>\n<meta name=\"robots\" content=\"noindex, follow, max-snippet:-1, max-image-preview:large, max-video-preview:-1\" \/>\n<meta property=\"og:locale\" content=\"ca_ES\" \/>\n<meta property=\"og:type\" content=\"article\" \/>\n<meta property=\"og:title\" content=\"Wyborowa Exquisite\" \/>\n<meta property=\"og:description\" content=\"Comprar online al millor preu el vodka premium Wyborowa Exquisite. Descomptes per caixa. Ofertes especials. Web r\u00e0pida i segura. Viniteca. Licoreria Destil\u00b7lats\" \/>\n<meta property=\"og:url\" content=\"https:\/\/aral.cetrexmarketing.com\/producto\/wyborowa-exquisite\/\" \/>\n<meta property=\"og:site_name\" content=\"M\u00f3n La Cata\" \/>\n<meta property=\"article:modified_time\" content=\"2025-05-24T07:45:51+00:00\" \/>\n<meta property=\"og:image\" content=\"https:\/\/aral.cetrexmarketing.com\/wp-content\/uploads\/2025\/05\/WYBOROWA-EXQUISITE.jpg.png\" \/>\n\t<meta property=\"og:image:width\" content=\"765\" \/>\n\t<meta property=\"og:image:height\" content=\"1024\" \/>\n\t<meta property=\"og:image:type\" content=\"image\/png\" \/>\n<meta name=\"twitter:card\" content=\"summary_large_image\" \/>\n<meta name=\"twitter:label1\" content=\"Temps estimat de lectura\" \/>\n\t<meta name=\"twitter:data1\" content=\"1 minut\" \/>\n<script type=\"application\/ld+json\" class=\"yoast-schema-graph\">{\"@context\":\"https:\/\/schema.org\",\"@graph\":[{\"@type\":\"WebPage\",\"@id\":\"https:\/\/aral.cetrexmarketing.com\/producto\/wyborowa-exquisite\/\",\"url\":\"https:\/\/aral.cetrexmarketing.com\/producto\/wyborowa-exquisite\/\",\"name\":\"Wyborowa Exquisite Vodka\",\"isPartOf\":{\"@id\":\"https:\/\/aral.cetrexmarketing.com\/#website\"},\"primaryImageOfPage\":{\"@id\":\"https:\/\/aral.cetrexmarketing.com\/producto\/wyborowa-exquisite\/#primaryimage\"},\"image\":{\"@id\":\"https:\/\/aral.cetrexmarketing.com\/producto\/wyborowa-exquisite\/#primaryimage\"},\"thumbnailUrl\":\"https:\/\/aral.cetrexmarketing.com\/wp-content\/uploads\/2025\/05\/WYBOROWA-EXQUISITE.jpg.png\",\"datePublished\":\"2025-05-24T07:45:50+00:00\",\"dateModified\":\"2025-05-24T07:45:51+00:00\",\"description\":\"Comprar online al millor preu el vodka premium Wyborowa Exquisite. Descomptes per caixa. Ofertes especials. Web r\u00e0pida i segura. Viniteca. Licoreria Destil\u00b7lats\",\"breadcrumb\":{\"@id\":\"https:\/\/aral.cetrexmarketing.com\/producto\/wyborowa-exquisite\/#breadcrumb\"},\"inLanguage\":\"ca\",\"potentialAction\":[{\"@type\":\"ReadAction\",\"target\":[\"https:\/\/aral.cetrexmarketing.com\/producto\/wyborowa-exquisite\/\"]}]},{\"@type\":\"ImageObject\",\"inLanguage\":\"ca\",\"@id\":\"https:\/\/aral.cetrexmarketing.com\/producto\/wyborowa-exquisite\/#primaryimage\",\"url\":\"https:\/\/aral.cetrexmarketing.com\/wp-content\/uploads\/2025\/05\/WYBOROWA-EXQUISITE.jpg.png\",\"contentUrl\":\"https:\/\/aral.cetrexmarketing.com\/wp-content\/uploads\/2025\/05\/WYBOROWA-EXQUISITE.jpg.png\",\"width\":765,\"height\":1024},{\"@type\":\"BreadcrumbList\",\"@id\":\"https:\/\/aral.cetrexmarketing.com\/producto\/wyborowa-exquisite\/#breadcrumb\",\"itemListElement\":[{\"@type\":\"ListItem\",\"position\":1,\"name\":\"Home\",\"item\":\"https:\/\/aral.cetrexmarketing.com\/ca\/\"},{\"@type\":\"ListItem\",\"position\":2,\"name\":\"Tienda\",\"item\":\"https:\/\/aral.cetrexmarketing.com\/ca\/tienda-2\/\"},{\"@type\":\"ListItem\",\"position\":3,\"name\":\"Tienda\",\"item\":\"https:\/\/aral.cetrexmarketing.com\/categoria-producto\/inicio\/\"},{\"@type\":\"ListItem\",\"position\":4,\"name\":\"Destilados\",\"item\":\"https:\/\/aral.cetrexmarketing.com\/categoria-producto\/inicio\/destilados\/\"},{\"@type\":\"ListItem\",\"position\":5,\"name\":\"Vodka\",\"item\":\"https:\/\/aral.cetrexmarketing.com\/categoria-producto\/inicio\/destilados\/vodka\/\"},{\"@type\":\"ListItem\",\"position\":6,\"name\":\"Wyborowa Exquisite\"}]},{\"@type\":\"WebSite\",\"@id\":\"https:\/\/aral.cetrexmarketing.com\/#website\",\"url\":\"https:\/\/aral.cetrexmarketing.com\/\",\"name\":\"M\u00f3n La Cata\",\"description\":\"Tienda de vinos, licores, cervezas y gourmet\",\"publisher\":{\"@id\":\"https:\/\/aral.cetrexmarketing.com\/#organization\"},\"potentialAction\":[{\"@type\":\"SearchAction\",\"target\":{\"@type\":\"EntryPoint\",\"urlTemplate\":\"https:\/\/aral.cetrexmarketing.com\/?s={search_term_string}\"},\"query-input\":{\"@type\":\"PropertyValueSpecification\",\"valueRequired\":true,\"valueName\":\"search_term_string\"}}],\"inLanguage\":\"ca\"},{\"@type\":\"Organization\",\"@id\":\"https:\/\/aral.cetrexmarketing.com\/#organization\",\"name\":\"M\u00f3n La Cata\",\"url\":\"https:\/\/aral.cetrexmarketing.com\/\",\"logo\":{\"@type\":\"ImageObject\",\"inLanguage\":\"ca\",\"@id\":\"https:\/\/aral.cetrexmarketing.com\/#\/schema\/logo\/image\/\",\"url\":\"https:\/\/aral.cetrexmarketing.com\/wp-content\/uploads\/2024\/10\/aral-logo-neg-1024x409-1.png\",\"contentUrl\":\"https:\/\/aral.cetrexmarketing.com\/wp-content\/uploads\/2024\/10\/aral-logo-neg-1024x409-1.png\",\"width\":1024,\"height\":409,\"caption\":\"M\u00f3n La Cata\"},\"image\":{\"@id\":\"https:\/\/aral.cetrexmarketing.com\/#\/schema\/logo\/image\/\"}}]}<\/script>\n<!-- \/ Yoast SEO Premium plugin. -->","yoast_head_json":{"title":"Wyborowa Exquisite Vodka","description":"Comprar online al millor preu el vodka premium Wyborowa Exquisite. Descomptes per caixa. Ofertes especials. Web r\u00e0pida i segura. Viniteca. Licoreria Destil\u00b7lats","robots":{"index":"noindex","follow":"follow","max-snippet":"max-snippet:-1","max-image-preview":"max-image-preview:large","max-video-preview":"max-video-preview:-1"},"og_locale":"ca_ES","og_type":"article","og_title":"Wyborowa Exquisite","og_description":"Comprar online al millor preu el vodka premium Wyborowa Exquisite. Descomptes per caixa. Ofertes especials. Web r\u00e0pida i segura. Viniteca. Licoreria Destil\u00b7lats","og_url":"https:\/\/aral.cetrexmarketing.com\/producto\/wyborowa-exquisite\/","og_site_name":"M\u00f3n La Cata","article_modified_time":"2025-05-24T07:45:51+00:00","og_image":[{"width":765,"height":1024,"url":"https:\/\/aral.cetrexmarketing.com\/wp-content\/uploads\/2025\/05\/WYBOROWA-EXQUISITE.jpg.png","type":"image\/png"}],"twitter_card":"summary_large_image","twitter_misc":{"Temps estimat de lectura":"1 minut"},"schema":{"@context":"https:\/\/schema.org","@graph":[{"@type":"WebPage","@id":"https:\/\/aral.cetrexmarketing.com\/producto\/wyborowa-exquisite\/","url":"https:\/\/aral.cetrexmarketing.com\/producto\/wyborowa-exquisite\/","name":"Wyborowa Exquisite Vodka","isPartOf":{"@id":"https:\/\/aral.cetrexmarketing.com\/#website"},"primaryImageOfPage":{"@id":"https:\/\/aral.cetrexmarketing.com\/producto\/wyborowa-exquisite\/#primaryimage"},"image":{"@id":"https:\/\/aral.cetrexmarketing.com\/producto\/wyborowa-exquisite\/#primaryimage"},"thumbnailUrl":"https:\/\/aral.cetrexmarketing.com\/wp-content\/uploads\/2025\/05\/WYBOROWA-EXQUISITE.jpg.png","datePublished":"2025-05-24T07:45:50+00:00","dateModified":"2025-05-24T07:45:51+00:00","description":"Comprar online al millor preu el vodka premium Wyborowa Exquisite. Descomptes per caixa. Ofertes especials. Web r\u00e0pida i segura. Viniteca. Licoreria Destil\u00b7lats","breadcrumb":{"@id":"https:\/\/aral.cetrexmarketing.com\/producto\/wyborowa-exquisite\/#breadcrumb"},"inLanguage":"ca","potentialAction":[{"@type":"ReadAction","target":["https:\/\/aral.cetrexmarketing.com\/producto\/wyborowa-exquisite\/"]}]},{"@type":"ImageObject","inLanguage":"ca","@id":"https:\/\/aral.cetrexmarketing.com\/producto\/wyborowa-exquisite\/#primaryimage","url":"https:\/\/aral.cetrexmarketing.com\/wp-content\/uploads\/2025\/05\/WYBOROWA-EXQUISITE.jpg.png","contentUrl":"https:\/\/aral.cetrexmarketing.com\/wp-content\/uploads\/2025\/05\/WYBOROWA-EXQUISITE.jpg.png","width":765,"height":1024},{"@type":"BreadcrumbList","@id":"https:\/\/aral.cetrexmarketing.com\/producto\/wyborowa-exquisite\/#breadcrumb","itemListElement":[{"@type":"ListItem","position":1,"name":"Home","item":"https:\/\/aral.cetrexmarketing.com\/ca\/"},{"@type":"ListItem","position":2,"name":"Tienda","item":"https:\/\/aral.cetrexmarketing.com\/ca\/tienda-2\/"},{"@type":"ListItem","position":3,"name":"Tienda","item":"https:\/\/aral.cetrexmarketing.com\/categoria-producto\/inicio\/"},{"@type":"ListItem","position":4,"name":"Destilados","item":"https:\/\/aral.cetrexmarketing.com\/categoria-producto\/inicio\/destilados\/"},{"@type":"ListItem","position":5,"name":"Vodka","item":"https:\/\/aral.cetrexmarketing.com\/categoria-producto\/inicio\/destilados\/vodka\/"},{"@type":"ListItem","position":6,"name":"Wyborowa Exquisite"}]},{"@type":"WebSite","@id":"https:\/\/aral.cetrexmarketing.com\/#website","url":"https:\/\/aral.cetrexmarketing.com\/","name":"M\u00f3n La Cata","description":"Tienda de vinos, licores, cervezas y gourmet","publisher":{"@id":"https:\/\/aral.cetrexmarketing.com\/#organization"},"potentialAction":[{"@type":"SearchAction","target":{"@type":"EntryPoint","urlTemplate":"https:\/\/aral.cetrexmarketing.com\/?s={search_term_string}"},"query-input":{"@type":"PropertyValueSpecification","valueRequired":true,"valueName":"search_term_string"}}],"inLanguage":"ca"},{"@type":"Organization","@id":"https:\/\/aral.cetrexmarketing.com\/#organization","name":"M\u00f3n La Cata","url":"https:\/\/aral.cetrexmarketing.com\/","logo":{"@type":"ImageObject","inLanguage":"ca","@id":"https:\/\/aral.cetrexmarketing.com\/#\/schema\/logo\/image\/","url":"https:\/\/aral.cetrexmarketing.com\/wp-content\/uploads\/2024\/10\/aral-logo-neg-1024x409-1.png","contentUrl":"https:\/\/aral.cetrexmarketing.com\/wp-content\/uploads\/2024\/10\/aral-logo-neg-1024x409-1.png","width":1024,"height":409,"caption":"M\u00f3n La Cata"},"image":{"@id":"https:\/\/aral.cetrexmarketing.com\/#\/schema\/logo\/image\/"}}]}},"brands":[],"_links":{"self":[{"href":"https:\/\/aral.cetrexmarketing.com\/ca\/wp-json\/wp\/v2\/product\/81299","targetHints":{"allow":["GET"]}}],"collection":[{"href":"https:\/\/aral.cetrexmarketing.com\/ca\/wp-json\/wp\/v2\/product"}],"about":[{"href":"https:\/\/aral.cetrexmarketing.com\/ca\/wp-json\/wp\/v2\/types\/product"}],"replies":[{"embeddable":true,"href":"https:\/\/aral.cetrexmarketing.com\/ca\/wp-json\/wp\/v2\/comments?post=81299"}],"wp:featuredmedia":[{"embeddable":true,"href":"https:\/\/aral.cetrexmarketing.com\/ca\/wp-json\/wp\/v2\/media\/81297"}],"wp:attachment":[{"href":"https:\/\/aral.cetrexmarketing.com\/ca\/wp-json\/wp\/v2\/media?parent=81299"}],"wp:term":[{"taxonomy":"pwb-brand","embeddable":true,"href":"https:\/\/aral.cetrexmarketing.com\/ca\/wp-json\/wp\/v2\/pwb-brand?post=81299"},{"taxonomy":"product_brand","embeddable":true,"href":"https:\/\/aral.cetrexmarketing.com\/ca\/wp-json\/wp\/v2\/product_brand?post=81299"},{"taxonomy":"product_cat","embeddable":true,"href":"https:\/\/aral.cetrexmarketing.com\/ca\/wp-json\/wp\/v2\/product_cat?post=81299"},{"taxonomy":"product_tag","embeddable":true,"href":"https:\/\/aral.cetrexmarketing.com\/ca\/wp-json\/wp\/v2\/product_tag?post=81299"}],"curies":[{"name":"wp","href":"https:\/\/api.w.org\/{rel}","templated":true}]}}