{"id":82391,"date":"2025-05-24T08:06:08","date_gmt":"2025-05-24T08:06:10","guid":{"rendered":"https:\/\/aral.cetrexmarketing.com\/producto\/recaredo-intens-rosat-brut-nature\/"},"modified":"2025-05-24T08:06:12","modified_gmt":"2025-05-24T08:06:12","slug":"recaredo-intens-rosat-brut-nature","status":"publish","type":"product","link":"https:\/\/aral.cetrexmarketing.com\/ca\/producto\/recaredo-intens-rosat-brut-nature\/","title":{"rendered":"Recaredo Intens Rosat Brut Nature"},"content":{"rendered":"<p><strong>Recaredo Intens Rosat Brut Nature<\/strong><\/p>\n<p>Representa la intensitat crom\u00e0tica que poden assolir els ra\u00efms al Mediterrani. Aposta per l\u2019autenticitat en un trajecte sec, viu i profund que defineix un estil essencialment gastron\u00f2mic. Totalment sec sense addici\u00f3 de sucre d\u2019expedici\u00f3.<\/p>\n","protected":false},"excerpt":{"rendered":"<p>Ecol\u00f2gic, biodin\u00e0mic, Crian\u00e7a 46mesos<\/p>\n","protected":false},"featured_media":82389,"comment_status":"closed","ping_status":"closed","template":"","meta":{"_acf_changed":false},"pwb-brand":[32985],"product_brand":[],"product_cat":[33038,33122,33672,33048],"product_tag":[48480,39710,48509],"class_list":{"0":"post-82391","1":"product","2":"type-product","3":"status-publish","4":"has-post-thumbnail","6":"pwb-brand-corpinnat","7":"product_cat-vi-escumos-ca","8":"product_cat-corpinnat-ca","9":"product_cat-corpinnat-rosat-ca","10":"product_cat-ecologic-ca","11":"product_tag-ecologic","12":"product_tag-macabeu","13":"product_tag-rosat-ca","14":"pa_anada-2020-ca","15":"pa_bodega-recaredomatacasanovas-ca","16":"pa_cantidaddeazucar-brutnature-ca","17":"pa_do-corpinnat-ca","18":"pa_ecologico-vegano-natural-demeter-ca","19":"pa_ecologico-vegano-natural-ecologic","20":"pa_formatoenml-750-ca","21":"pa_graduacion-12_0-ca","22":"pa_pais-espanya-ca","23":"pa_pueblociudad-santsadurnidanoiabarcelona-ca","24":"pa_region-cataluna-ca","25":"pa_tipodevino-vinoespumoso","26":"pa_variedades-garnachatinta-ca","27":"pa_variedades-monastrel-ca","28":"entry","29":"has-media","31":"first","32":"instock","33":"taxable","34":"shipping-taxable","35":"purchasable","36":"product-type-simple"},"acf":[],"yoast_head":"<!-- This site is optimized with the Yoast SEO Premium plugin v23.1 (Yoast SEO v23.5) - https:\/\/yoast.com\/wordpress\/plugins\/seo\/ -->\n<title>Recaredo Intens Rosat Brut Nature<\/title>\n<meta name=\"description\" content=\"Comprar online a bon preu el corpinnat Recaredo Intens Rosat Brut Nature. Ecol\u00f2gic i biodin\u00e0mic. Web especialitzada en vins i destil\u00b7lats.\" \/>\n<meta name=\"robots\" content=\"noindex, follow, max-snippet:-1, max-image-preview:large, max-video-preview:-1\" \/>\n<meta property=\"og:locale\" content=\"ca_ES\" \/>\n<meta property=\"og:type\" content=\"article\" \/>\n<meta property=\"og:title\" content=\"Recaredo Intens Rosat Brut Nature\" \/>\n<meta property=\"og:description\" content=\"Comprar online a bon preu el corpinnat Recaredo Intens Rosat Brut Nature. Ecol\u00f2gic i biodin\u00e0mic. Web especialitzada en vins i destil\u00b7lats.\" \/>\n<meta property=\"og:url\" content=\"https:\/\/aral.cetrexmarketing.com\/producto\/recaredo-intens-rosat-brut-nature\/\" \/>\n<meta property=\"og:site_name\" content=\"M\u00f3n La Cata\" \/>\n<meta property=\"article:modified_time\" content=\"2025-05-24T08:06:12+00:00\" \/>\n<meta property=\"og:image\" content=\"https:\/\/aral.cetrexmarketing.com\/wp-content\/uploads\/2025\/05\/RECAREDO-INTENS-ROSADO-BRUT-NATURE.jpg.png\" \/>\n\t<meta property=\"og:image:width\" content=\"765\" \/>\n\t<meta property=\"og:image:height\" content=\"1024\" \/>\n\t<meta property=\"og:image:type\" content=\"image\/png\" \/>\n<meta name=\"twitter:card\" content=\"summary_large_image\" \/>\n<meta name=\"twitter:label1\" content=\"Temps estimat de lectura\" \/>\n\t<meta name=\"twitter:data1\" content=\"1 minut\" \/>\n<script type=\"application\/ld+json\" class=\"yoast-schema-graph\">{\"@context\":\"https:\/\/schema.org\",\"@graph\":[{\"@type\":\"WebPage\",\"@id\":\"https:\/\/aral.cetrexmarketing.com\/producto\/recaredo-intens-rosat-brut-nature\/\",\"url\":\"https:\/\/aral.cetrexmarketing.com\/producto\/recaredo-intens-rosat-brut-nature\/\",\"name\":\"Recaredo Intens Rosat Brut Nature\",\"isPartOf\":{\"@id\":\"https:\/\/aral.cetrexmarketing.com\/#website\"},\"primaryImageOfPage\":{\"@id\":\"https:\/\/aral.cetrexmarketing.com\/producto\/recaredo-intens-rosat-brut-nature\/#primaryimage\"},\"image\":{\"@id\":\"https:\/\/aral.cetrexmarketing.com\/producto\/recaredo-intens-rosat-brut-nature\/#primaryimage\"},\"thumbnailUrl\":\"https:\/\/aral.cetrexmarketing.com\/wp-content\/uploads\/2025\/05\/RECAREDO-INTENS-ROSADO-BRUT-NATURE.jpg.png\",\"datePublished\":\"2025-05-24T08:06:10+00:00\",\"dateModified\":\"2025-05-24T08:06:12+00:00\",\"description\":\"Comprar online a bon preu el corpinnat Recaredo Intens Rosat Brut Nature. Ecol\u00f2gic i biodin\u00e0mic. Web especialitzada en vins i destil\u00b7lats.\",\"breadcrumb\":{\"@id\":\"https:\/\/aral.cetrexmarketing.com\/producto\/recaredo-intens-rosat-brut-nature\/#breadcrumb\"},\"inLanguage\":\"ca\",\"potentialAction\":[{\"@type\":\"ReadAction\",\"target\":[\"https:\/\/aral.cetrexmarketing.com\/producto\/recaredo-intens-rosat-brut-nature\/\"]}]},{\"@type\":\"ImageObject\",\"inLanguage\":\"ca\",\"@id\":\"https:\/\/aral.cetrexmarketing.com\/producto\/recaredo-intens-rosat-brut-nature\/#primaryimage\",\"url\":\"https:\/\/aral.cetrexmarketing.com\/wp-content\/uploads\/2025\/05\/RECAREDO-INTENS-ROSADO-BRUT-NATURE.jpg.png\",\"contentUrl\":\"https:\/\/aral.cetrexmarketing.com\/wp-content\/uploads\/2025\/05\/RECAREDO-INTENS-ROSADO-BRUT-NATURE.jpg.png\",\"width\":765,\"height\":1024},{\"@type\":\"BreadcrumbList\",\"@id\":\"https:\/\/aral.cetrexmarketing.com\/producto\/recaredo-intens-rosat-brut-nature\/#breadcrumb\",\"itemListElement\":[{\"@type\":\"ListItem\",\"position\":1,\"name\":\"Home\",\"item\":\"https:\/\/aral.cetrexmarketing.com\/ca\/\"},{\"@type\":\"ListItem\",\"position\":2,\"name\":\"Tienda\",\"item\":\"https:\/\/aral.cetrexmarketing.com\/ca\/tienda-2\/\"},{\"@type\":\"ListItem\",\"position\":3,\"name\":\"Recaredo Intens Rosat Brut Nature\"}]},{\"@type\":\"WebSite\",\"@id\":\"https:\/\/aral.cetrexmarketing.com\/#website\",\"url\":\"https:\/\/aral.cetrexmarketing.com\/\",\"name\":\"M\u00f3n La Cata\",\"description\":\"Tienda de vinos, licores, cervezas y gourmet\",\"publisher\":{\"@id\":\"https:\/\/aral.cetrexmarketing.com\/#organization\"},\"potentialAction\":[{\"@type\":\"SearchAction\",\"target\":{\"@type\":\"EntryPoint\",\"urlTemplate\":\"https:\/\/aral.cetrexmarketing.com\/?s={search_term_string}\"},\"query-input\":{\"@type\":\"PropertyValueSpecification\",\"valueRequired\":true,\"valueName\":\"search_term_string\"}}],\"inLanguage\":\"ca\"},{\"@type\":\"Organization\",\"@id\":\"https:\/\/aral.cetrexmarketing.com\/#organization\",\"name\":\"M\u00f3n La Cata\",\"url\":\"https:\/\/aral.cetrexmarketing.com\/\",\"logo\":{\"@type\":\"ImageObject\",\"inLanguage\":\"ca\",\"@id\":\"https:\/\/aral.cetrexmarketing.com\/#\/schema\/logo\/image\/\",\"url\":\"https:\/\/aral.cetrexmarketing.com\/wp-content\/uploads\/2024\/10\/aral-logo-neg-1024x409-1.png\",\"contentUrl\":\"https:\/\/aral.cetrexmarketing.com\/wp-content\/uploads\/2024\/10\/aral-logo-neg-1024x409-1.png\",\"width\":1024,\"height\":409,\"caption\":\"M\u00f3n La Cata\"},\"image\":{\"@id\":\"https:\/\/aral.cetrexmarketing.com\/#\/schema\/logo\/image\/\"}}]}<\/script>\n<!-- \/ Yoast SEO Premium plugin. -->","yoast_head_json":{"title":"Recaredo Intens Rosat Brut Nature","description":"Comprar online a bon preu el corpinnat Recaredo Intens Rosat Brut Nature. Ecol\u00f2gic i biodin\u00e0mic. Web especialitzada en vins i destil\u00b7lats.","robots":{"index":"noindex","follow":"follow","max-snippet":"max-snippet:-1","max-image-preview":"max-image-preview:large","max-video-preview":"max-video-preview:-1"},"og_locale":"ca_ES","og_type":"article","og_title":"Recaredo Intens Rosat Brut Nature","og_description":"Comprar online a bon preu el corpinnat Recaredo Intens Rosat Brut Nature. Ecol\u00f2gic i biodin\u00e0mic. Web especialitzada en vins i destil\u00b7lats.","og_url":"https:\/\/aral.cetrexmarketing.com\/producto\/recaredo-intens-rosat-brut-nature\/","og_site_name":"M\u00f3n La Cata","article_modified_time":"2025-05-24T08:06:12+00:00","og_image":[{"width":765,"height":1024,"url":"https:\/\/aral.cetrexmarketing.com\/wp-content\/uploads\/2025\/05\/RECAREDO-INTENS-ROSADO-BRUT-NATURE.jpg.png","type":"image\/png"}],"twitter_card":"summary_large_image","twitter_misc":{"Temps estimat de lectura":"1 minut"},"schema":{"@context":"https:\/\/schema.org","@graph":[{"@type":"WebPage","@id":"https:\/\/aral.cetrexmarketing.com\/producto\/recaredo-intens-rosat-brut-nature\/","url":"https:\/\/aral.cetrexmarketing.com\/producto\/recaredo-intens-rosat-brut-nature\/","name":"Recaredo Intens Rosat Brut Nature","isPartOf":{"@id":"https:\/\/aral.cetrexmarketing.com\/#website"},"primaryImageOfPage":{"@id":"https:\/\/aral.cetrexmarketing.com\/producto\/recaredo-intens-rosat-brut-nature\/#primaryimage"},"image":{"@id":"https:\/\/aral.cetrexmarketing.com\/producto\/recaredo-intens-rosat-brut-nature\/#primaryimage"},"thumbnailUrl":"https:\/\/aral.cetrexmarketing.com\/wp-content\/uploads\/2025\/05\/RECAREDO-INTENS-ROSADO-BRUT-NATURE.jpg.png","datePublished":"2025-05-24T08:06:10+00:00","dateModified":"2025-05-24T08:06:12+00:00","description":"Comprar online a bon preu el corpinnat Recaredo Intens Rosat Brut Nature. Ecol\u00f2gic i biodin\u00e0mic. Web especialitzada en vins i destil\u00b7lats.","breadcrumb":{"@id":"https:\/\/aral.cetrexmarketing.com\/producto\/recaredo-intens-rosat-brut-nature\/#breadcrumb"},"inLanguage":"ca","potentialAction":[{"@type":"ReadAction","target":["https:\/\/aral.cetrexmarketing.com\/producto\/recaredo-intens-rosat-brut-nature\/"]}]},{"@type":"ImageObject","inLanguage":"ca","@id":"https:\/\/aral.cetrexmarketing.com\/producto\/recaredo-intens-rosat-brut-nature\/#primaryimage","url":"https:\/\/aral.cetrexmarketing.com\/wp-content\/uploads\/2025\/05\/RECAREDO-INTENS-ROSADO-BRUT-NATURE.jpg.png","contentUrl":"https:\/\/aral.cetrexmarketing.com\/wp-content\/uploads\/2025\/05\/RECAREDO-INTENS-ROSADO-BRUT-NATURE.jpg.png","width":765,"height":1024},{"@type":"BreadcrumbList","@id":"https:\/\/aral.cetrexmarketing.com\/producto\/recaredo-intens-rosat-brut-nature\/#breadcrumb","itemListElement":[{"@type":"ListItem","position":1,"name":"Home","item":"https:\/\/aral.cetrexmarketing.com\/ca\/"},{"@type":"ListItem","position":2,"name":"Tienda","item":"https:\/\/aral.cetrexmarketing.com\/ca\/tienda-2\/"},{"@type":"ListItem","position":3,"name":"Recaredo Intens Rosat Brut Nature"}]},{"@type":"WebSite","@id":"https:\/\/aral.cetrexmarketing.com\/#website","url":"https:\/\/aral.cetrexmarketing.com\/","name":"M\u00f3n La Cata","description":"Tienda de vinos, licores, cervezas y gourmet","publisher":{"@id":"https:\/\/aral.cetrexmarketing.com\/#organization"},"potentialAction":[{"@type":"SearchAction","target":{"@type":"EntryPoint","urlTemplate":"https:\/\/aral.cetrexmarketing.com\/?s={search_term_string}"},"query-input":{"@type":"PropertyValueSpecification","valueRequired":true,"valueName":"search_term_string"}}],"inLanguage":"ca"},{"@type":"Organization","@id":"https:\/\/aral.cetrexmarketing.com\/#organization","name":"M\u00f3n La Cata","url":"https:\/\/aral.cetrexmarketing.com\/","logo":{"@type":"ImageObject","inLanguage":"ca","@id":"https:\/\/aral.cetrexmarketing.com\/#\/schema\/logo\/image\/","url":"https:\/\/aral.cetrexmarketing.com\/wp-content\/uploads\/2024\/10\/aral-logo-neg-1024x409-1.png","contentUrl":"https:\/\/aral.cetrexmarketing.com\/wp-content\/uploads\/2024\/10\/aral-logo-neg-1024x409-1.png","width":1024,"height":409,"caption":"M\u00f3n La Cata"},"image":{"@id":"https:\/\/aral.cetrexmarketing.com\/#\/schema\/logo\/image\/"}}]}},"brands":[{"id":32985,"name":"Corpinnat","slug":"corpinnat"}],"_links":{"self":[{"href":"https:\/\/aral.cetrexmarketing.com\/ca\/wp-json\/wp\/v2\/product\/82391","targetHints":{"allow":["GET"]}}],"collection":[{"href":"https:\/\/aral.cetrexmarketing.com\/ca\/wp-json\/wp\/v2\/product"}],"about":[{"href":"https:\/\/aral.cetrexmarketing.com\/ca\/wp-json\/wp\/v2\/types\/product"}],"replies":[{"embeddable":true,"href":"https:\/\/aral.cetrexmarketing.com\/ca\/wp-json\/wp\/v2\/comments?post=82391"}],"wp:featuredmedia":[{"embeddable":true,"href":"https:\/\/aral.cetrexmarketing.com\/ca\/wp-json\/wp\/v2\/media\/82389"}],"wp:attachment":[{"href":"https:\/\/aral.cetrexmarketing.com\/ca\/wp-json\/wp\/v2\/media?parent=82391"}],"wp:term":[{"taxonomy":"pwb-brand","embeddable":true,"href":"https:\/\/aral.cetrexmarketing.com\/ca\/wp-json\/wp\/v2\/pwb-brand?post=82391"},{"taxonomy":"product_brand","embeddable":true,"href":"https:\/\/aral.cetrexmarketing.com\/ca\/wp-json\/wp\/v2\/product_brand?post=82391"},{"taxonomy":"product_cat","embeddable":true,"href":"https:\/\/aral.cetrexmarketing.com\/ca\/wp-json\/wp\/v2\/product_cat?post=82391"},{"taxonomy":"product_tag","embeddable":true,"href":"https:\/\/aral.cetrexmarketing.com\/ca\/wp-json\/wp\/v2\/product_tag?post=82391"}],"curies":[{"name":"wp","href":"https:\/\/api.w.org\/{rel}","templated":true}]}}